{"id":6,"date":"2017-03-13T08:37:57","date_gmt":"2017-03-13T08:37:57","guid":{"rendered":"http:\/\/sw-themes.com\/porto_dummy\/?page_id=6"},"modified":"2026-01-27T08:31:23","modified_gmt":"2026-01-27T07:31:23","slug":"home","status":"publish","type":"page","link":"https:\/\/lipumadesign.com\/","title":{"rendered":"Home"},"content":{"rendered":"<div class=\"wpb-content-wrapper\"><p>[vc_row wrap_container=&#8221;yes&#8221; content_placement=&#8221;middle&#8221; el_id=&#8221;chisiamo&#8221; css=&#8221;.vc_custom_1713348777012{padding-top: 6.1153846154rem !important;padding-bottom: 6.1153846154rem !important;background-color: #ffffff !important;}&#8221; conditional_render=&#8221;%5B%7B%22value_role%22%3A%22administrator%22%7D%5D&#8221;][vc_column el_class=&#8221;pe-lg-5 mb-5 mb-lg-0&#8243; offset=&#8221;vc_col-md-6&#8243;][vc_custom_heading text=&#8221;CHI SIAMO&#8221; font_container=&#8221;tag:h2|font_size:38.5px|text_align:left|color:%23212529|line_height:1&#8243; use_theme_fonts=&#8221;yes&#8221; font_weight=&#8221;700&#8243; show_border=&#8221;yes&#8221; border_size=&#8221;sm&#8221; animation_delay=&#8221;200&#8243; el_class=&#8221;mb-3&#8243; animation_type=&#8221;fadeInUp&#8221; border_color=&#8221;#9e9e9e&#8221; border_spacing=&#8221;{&#8220;xl&#8220;:&#8220;20&#8220;,&#8220;unit&#8220;:&#8220;&#8220;,&#8220;xs&#8220;:&#8220;&#8220;,&#8220;sm&#8220;:&#8220;&#8220;,&#8220;md&#8220;:&#8220;&#8220;,&#8220;lg&#8220;:&#8220;&#8220;}&#8221;][vc_custom_heading text=&#8221;<b>Luca Li Puma<\/b> progetta virtuosismi di comunicazione che dalle raffinatezze tecniche e dal rifiuto di rigori formali esprime forme difficilmente reinterpretabili, per cui ogni sua creazione assume quella variabile espressiva che la rende un pezzo unico.&#8221; font_container=&#8221;tag:p|font_size:23.1px|text_align:left|color:%23212529|line_height:1.4&#8243; use_theme_fonts=&#8221;yes&#8221; animation_delay=&#8221;400&#8243; el_class=&#8221;m-b-md custom-font-lora&#8221; animation_type=&#8221;fadeInUp&#8221;][vc_custom_heading text=&#8221;Con un design essenziale, moderno e geniale, comunica idee ed espressioni che si manifestano nell\u2019estrema versatilit\u00e0 di tutte le sue creazioni.&#8221; font_container=&#8221;tag:p|font_size:23.1px|text_align:left|color:%23212529|line_height:1.4&#8243; use_theme_fonts=&#8221;yes&#8221; animation_delay=&#8221;400&#8243; el_class=&#8221;m-b-md custom-font-lora&#8221; animation_type=&#8221;fadeInUp&#8221;][\/vc_column][vc_column el_class=&#8221;text-center position-relative&#8221; offset=&#8221;vc_col-md-6&#8243;][vc_row_inner gap=&#8221;1&#8243; equal_height=&#8221;yes&#8221; css=&#8221;.vc_custom_1713379998449{margin-bottom: 0px !important;}&#8221;][vc_column_inner width=&#8221;1\/2&#8243;][vc_single_image image=&#8221;667&#8243; img_size=&#8221;FULL&#8221; alignment=&#8221;center&#8221; style=&#8221;vc_box_rounded&#8221; onclick=&#8221;link_image&#8221; css=&#8221;.vc_custom_1713380164537{margin-top: 0px !important;margin-bottom: 1px !important;}&#8221; animation_type=&#8221;fadeIn&#8221;][vc_single_image image=&#8221;669&#8243; img_size=&#8221;FULL&#8221; alignment=&#8221;center&#8221; style=&#8221;vc_box_rounded&#8221; onclick=&#8221;link_image&#8221; css=&#8221;.vc_custom_1713380086570{margin-top: 0px !important;margin-bottom: 0px !important;}&#8221;][\/vc_column_inner][vc_column_inner width=&#8221;1\/2&#8243;][vc_single_image image=&#8221;668&#8243; img_size=&#8221;FULL&#8221; alignment=&#8221;center&#8221; style=&#8221;vc_box_rounded&#8221; onclick=&#8221;link_image&#8221; css=&#8221;.vc_custom_1713380133176{margin-top: 0px !important;margin-bottom: 1px !important;}&#8221;][vc_single_image image=&#8221;670&#8243; img_size=&#8221;FULL&#8221; alignment=&#8221;center&#8221; style=&#8221;vc_box_rounded&#8221; onclick=&#8221;link_image&#8221; css=&#8221;.vc_custom_1713380108920{margin-top: 0px !important;margin-bottom: 0px !important;}&#8221;][\/vc_column_inner][\/vc_row_inner][\/vc_column][\/vc_row][vc_row wrap_container=&#8221;yes&#8221; content_placement=&#8221;middle&#8221; css=&#8221;.vc_custom_1713348796619{padding-top: 6.1153846154rem !important;padding-bottom: 6.1153846154rem !important;background-color: #ededed !important;}&#8221; conditional_render=&#8221;%5B%7B%22value_role%22%3A%22administrator%22%7D%5D&#8221; el_id=&#8221;progettazione&#8221;][vc_column el_class=&#8221;pe-lg-5 mb-5 mb-lg-0&#8243; offset=&#8221;vc_col-md-6&#8243;][vc_single_image image=&#8221;725&#8243; img_size=&#8221;FULL&#8221; alignment=&#8221;center&#8221; style=&#8221;vc_box_rounded&#8221; css=&#8221;&#8221;][\/vc_column][vc_column el_class=&#8221;text-center position-relative&#8221; offset=&#8221;vc_col-md-6&#8243;][vc_custom_heading text=&#8221;PROGETTAZIONE&#8221; font_container=&#8221;tag:h2|font_size:38.5px|text_align:left|color:%23212529|line_height:1&#8243; use_theme_fonts=&#8221;yes&#8221; font_weight=&#8221;700&#8243; show_border=&#8221;yes&#8221; border_size=&#8221;sm&#8221; animation_delay=&#8221;200&#8243; el_class=&#8221;mb-3&#8243; animation_type=&#8221;fadeInUp&#8221; border_color=&#8221;#9e9e9e&#8221; border_spacing=&#8221;{&#8220;xl&#8220;:&#8220;20&#8220;,&#8220;unit&#8220;:&#8220;&#8220;,&#8220;xs&#8220;:&#8220;&#8220;,&#8220;sm&#8220;:&#8220;&#8220;,&#8220;md&#8220;:&#8220;&#8220;,&#8220;lg&#8220;:&#8220;&#8220;}&#8221;][vc_custom_heading text=&#8221;La progettazione \u00e8 nel cuore genetico di <b>Luca Li Puma<\/b>.&#8221; font_container=&#8221;tag:p|font_size:20|text_align:left|color:%23212529|line_height:1.4&#8243; use_theme_fonts=&#8221;yes&#8221; animation_delay=&#8221;400&#8243; el_class=&#8221;m-b-md custom-font-lora&#8221; animation_type=&#8221;fadeInUp&#8221;][vc_custom_heading text=&#8221;Diamo forma alle idee dei nostri clienti, coniugando creativit\u00e0 ed esigenze produttive e proponendo soluzioni personalizzate in grado di valorizzare ogni necessit\u00e0 espositiva e di comunicazione.&#8221; font_container=&#8221;tag:p|font_size:23.1px|text_align:left|color:%23212529|line_height:1.4&#8243; use_theme_fonts=&#8221;yes&#8221; animation_delay=&#8221;400&#8243; el_class=&#8221;m-b-md custom-font-lora&#8221; animation_type=&#8221;fadeInUp&#8221;][vc_custom_heading text=&#8221;Tutto si concretizza grazie ai professionisti del settore che lavorano, supervisionano e gestiscono progettazione tecnica, ingegnerizzazione, creativit\u00e0 grafica e produzione.&#8221; font_container=&#8221;tag:p|font_size:23.1px|text_align:left|color:%23212529|line_height:1.4&#8243; use_theme_fonts=&#8221;yes&#8221; animation_delay=&#8221;400&#8243; el_class=&#8221;m-b-md custom-font-lora&#8221; animation_type=&#8221;fadeInUp&#8221;][\/vc_column][\/vc_row][vc_row wrap_container=&#8221;yes&#8221; css=&#8221;.vc_custom_1713389129757{padding-top: 66px !important;padding-bottom: 63px !important;}&#8221; el_id=&#8221;servizi&#8221; conditional_render=&#8221;%5B%7B%22value_role%22%3A%22administrator%22%7D%5D&#8221;][vc_column width=&#8221;2\/3&#8243;][vc_custom_heading text=&#8221;SERVIZI&#8221; font_container=&#8221;tag:h2|font_size:38.5px|text_align:left|color:%23212529|line_height:1&#8243; use_theme_fonts=&#8221;yes&#8221; font_weight=&#8221;700&#8243; show_border=&#8221;yes&#8221; border_size=&#8221;sm&#8221; animation_delay=&#8221;200&#8243; el_class=&#8221;mb-3&#8243; animation_type=&#8221;fadeInUp&#8221; border_color=&#8221;#9e9e9e&#8221; border_spacing=&#8221;{&#8220;xl&#8220;:&#8220;20&#8220;,&#8220;unit&#8220;:&#8220;&#8220;,&#8220;xs&#8220;:&#8220;&#8220;,&#8220;sm&#8220;:&#8220;&#8220;,&#8220;md&#8220;:&#8220;&#8220;,&#8220;lg&#8220;:&#8220;&#8220;}&#8221;][vc_custom_heading text=&#8221;Supportiamo i nostri clienti con una gamma completa di servizi, sollevandoli da ogni problematica e fornendo il massimo dell\u2019efficienza e della qualit\u00e0:&#8221; font_container=&#8221;tag:p|font_size:23.1px|text_align:left|color:%23212529|line_height:1.4&#8243; use_theme_fonts=&#8221;yes&#8221; animation_delay=&#8221;400&#8243; el_class=&#8221;m-b-md custom-font-lora&#8221; animation_type=&#8221;fadeInUp&#8221;][vc_custom_heading text=&#8221;- Prestampa<br \/>\n&#8211; Produzioni grafiche<br \/>\n&#8211; Tecniche di stampa (offset, serigrafia, flexografia, stampa digitale in piccolo e grande formato)<br \/>\n&#8211; Prototipazione e produzione industriale<br \/>\n&#8211; Assemblaggio, confezionamento e movimentazioni logistiche&#8221; font_container=&#8221;tag:p|font_size:23.1px|text_align:left|color:%23212529|line_height:1.4&#8243; use_theme_fonts=&#8221;yes&#8221; animation_delay=&#8221;400&#8243; el_class=&#8221;m-b-md custom-font-lora&#8221; animation_type=&#8221;fadeInUp&#8221;][\/vc_column][vc_column width=&#8221;1\/3&#8243;][vc_single_image image=&#8221;740&#8243; img_size=&#8221;FULL&#8221; alignment=&#8221;center&#8221; style=&#8221;vc_box_rounded&#8221; onclick=&#8221;link_image&#8221; css=&#8221;.vc_custom_1713389170942{margin-top: 0px !important;margin-bottom: 1px !important;}&#8221; animation_type=&#8221;fadeIn&#8221;][vc_single_image image=&#8221;741&#8243; img_size=&#8221;FULL&#8221; alignment=&#8221;center&#8221; style=&#8221;vc_box_rounded&#8221; onclick=&#8221;link_image&#8221; css=&#8221;.vc_custom_1713389208366{margin-top: 0px !important;margin-bottom: 1px !important;}&#8221; animation_type=&#8221;fadeIn&#8221;][vc_single_image image=&#8221;739&#8243; img_size=&#8221;FULL&#8221; alignment=&#8221;center&#8221; style=&#8221;vc_box_rounded&#8221; onclick=&#8221;link_image&#8221; css=&#8221;.vc_custom_1713389241774{margin-top: 0px !important;margin-bottom: 1px !important;}&#8221; animation_type=&#8221;fadeIn&#8221;][\/vc_column][\/vc_row][vc_row wrap_container=&#8221;yes&#8221; content_placement=&#8221;middle&#8221; css=&#8221;.vc_custom_1713349016835{padding-top: 6.1153846154rem !important;padding-bottom: 6.1153846154rem !important;background-color: #ededed !important;}&#8221; conditional_render=&#8221;%5B%7B%22value_role%22%3A%22administrator%22%7D%5D&#8221; el_id=&#8221;produzione&#8221;][vc_column el_class=&#8221;pe-lg-5 mb-5 mb-lg-0&#8243; offset=&#8221;vc_col-md-6&#8243;][vc_row_inner gap=&#8221;1&#8243; equal_height=&#8221;yes&#8221; css=&#8221;.vc_custom_1713379998449{margin-bottom: 0px !important;}&#8221;][vc_column_inner width=&#8221;1\/2&#8243;][vc_single_image image=&#8221;745&#8243; img_size=&#8221;FULL&#8221; alignment=&#8221;center&#8221; style=&#8221;vc_box_rounded&#8221; onclick=&#8221;link_image&#8221; css=&#8221;.vc_custom_1713389387392{margin-top: 0px !important;margin-bottom: 1px !important;}&#8221; animation_type=&#8221;fadeIn&#8221;][vc_single_image image=&#8221;748&#8243; img_size=&#8221;FULL&#8221; alignment=&#8221;center&#8221; style=&#8221;vc_box_rounded&#8221; onclick=&#8221;link_image&#8221; css=&#8221;.vc_custom_1713389422800{margin-top: 0px !important;margin-bottom: 0px !important;}&#8221;][\/vc_column_inner][vc_column_inner width=&#8221;1\/2&#8243;][vc_single_image image=&#8221;746&#8243; img_size=&#8221;FULL&#8221; alignment=&#8221;center&#8221; style=&#8221;vc_box_rounded&#8221; onclick=&#8221;link_image&#8221; css=&#8221;.vc_custom_1713389396712{margin-top: 0px !important;margin-bottom: 1px !important;}&#8221;][vc_single_image image=&#8221;747&#8243; img_size=&#8221;FULL&#8221; alignment=&#8221;center&#8221; style=&#8221;vc_box_rounded&#8221; onclick=&#8221;link_image&#8221; css=&#8221;.vc_custom_1713389404640{margin-top: 0px !important;margin-bottom: 0px !important;}&#8221;][\/vc_column_inner][\/vc_row_inner][\/vc_column][vc_column el_class=&#8221;text-center position-relative&#8221; offset=&#8221;vc_col-md-6&#8243;][vc_custom_heading text=&#8221;PRODUZIONE&#8221; font_container=&#8221;tag:h2|font_size:38.5px|text_align:left|color:%23212529|line_height:1&#8243; use_theme_fonts=&#8221;yes&#8221; font_weight=&#8221;700&#8243; show_border=&#8221;yes&#8221; border_size=&#8221;sm&#8221; animation_delay=&#8221;200&#8243; el_class=&#8221;mb-3&#8243; animation_type=&#8221;fadeInUp&#8221; border_color=&#8221;#9e9e9e&#8221; border_spacing=&#8221;{&#8220;xl&#8220;:&#8220;20&#8220;,&#8220;unit&#8220;:&#8220;&#8220;,&#8220;xs&#8220;:&#8220;&#8220;,&#8220;sm&#8220;:&#8220;&#8220;,&#8220;md&#8220;:&#8220;&#8220;,&#8220;lg&#8220;:&#8220;&#8220;}&#8221;][vc_custom_heading text=&#8221;La professionalit\u00e0 acquisita ci permette di consigliare il cliente e seguirlo nella realizzazione di ogni tipo di supporto di vendita ed allestimento, utilizzando i pi\u00f9 svariati materiali: cartone, materie plastiche, plexiglass, metallo e legno.&#8221; font_container=&#8221;tag:p|font_size:23.1px|text_align:left|color:%23212529|line_height:1.4&#8243; use_theme_fonts=&#8221;yes&#8221; animation_delay=&#8221;400&#8243; el_class=&#8221;m-b-md custom-font-lora&#8221; animation_type=&#8221;fadeInUp&#8221;][\/vc_column][\/vc_row][vc_row wrap_container=&#8221;yes&#8221; css=&#8221;.vc_custom_1713349824327{padding-top: 66px !important;padding-bottom: 63px !important;}&#8221; el_id=&#8221;portfolio&#8221; conditional_render=&#8221;%5B%7B%22value_role%22%3A%22administrator%22%7D%5D&#8221;][vc_column][vc_custom_heading text=&#8221;PORTFOLIO&#8221; font_container=&#8221;tag:h2|font_size:38.5px|text_align:left|color:%23212529|line_height:1&#8243; use_theme_fonts=&#8221;yes&#8221; font_weight=&#8221;700&#8243; show_border=&#8221;yes&#8221; border_size=&#8221;sm&#8221; animation_delay=&#8221;200&#8243; el_class=&#8221;mb-3&#8243; animation_type=&#8221;fadeInUp&#8221; border_spacing=&#8221;{&#8220;xl&#8220;:&#8220;20&#8220;,&#8220;unit&#8220;:&#8220;&#8220;,&#8220;xs&#8220;:&#8220;&#8220;,&#8220;sm&#8220;:&#8220;&#8220;,&#8220;md&#8220;:&#8220;&#8220;,&#8220;lg&#8220;:&#8220;&#8220;}&#8221; border_color=&#8221;#9e9e9e&#8221;][vc_row_inner][vc_column_inner width=&#8221;1\/3&#8243;][vc_custom_heading text=&#8221;<b>Il PUNTO VENDITA<\/b> \u00e8 sempre pi\u00f9 centrale nelle strategie aziendali, \u00e8 il luogo d\u2019incontro fra la marca ed il consumatore ed il momento cruciale in cui si concretizza l\u2019acquisto.<br \/>\n<b>Luca Li Puma<\/b> da sempre propone ai suoi clienti soluzioni di materiali per il punto vendita in grado di aumentare la riconoscibilit\u00e0 del marchio e di massimizzare la visibilit\u00e0 del prodotto al fine di favorire l\u2019acquisto d\u2019impulso.<br \/>\nLa nostra filosofia \u00e8 quella di creare per ogni cliente un progetto su misura adattandolo all\u2019immagine che l\u2019azienda vuole mostrare, il target che desidera raggiungere, il prodotto che vuole esporre o lanciare ed il budget previsto per tali obbiettivi.&#8221; font_container=&#8221;tag:p|font_size:20px|text_align:left|color:%23212529|line_height:1.4&#8243; use_theme_fonts=&#8221;yes&#8221; animation_delay=&#8221;400&#8243; el_class=&#8221;m-b-md custom-font-lora&#8221; animation_type=&#8221;fadeInUp&#8221;][\/vc_column_inner][vc_column_inner width=&#8221;2\/3&#8243;][vc_raw_html css=&#8221;&#8221;]JTVCbW9kdWxhJTIwaWQlM0QlMjI3OTMlMjIlNUQ=[\/vc_raw_html][\/vc_column_inner][\/vc_row_inner][vc_row_inner][vc_column_inner width=&#8221;2\/3&#8243;][vc_raw_html css=&#8221;&#8221;]JTVCbW9kdWxhJTIwaWQlM0QlMjI4MTklMjIlNUQ=[\/vc_raw_html][\/vc_column_inner][vc_column_inner width=&#8221;1\/3&#8243;][vc_custom_heading text=&#8221;Anche allestire <b>SPAZI ESPOSITIVI<\/b> \u00e8 un\u2019arte, e per <b>Luca Li Puma<\/b> rappresenta il momento di massima espressione delle capacit\u00e0 creative e progettuali.<br \/>\nRealizzare uno stand, creare una scenografia per un evento, ideare un percorso museale significa comunicare non solo un\u2019immagine ma anche un mondo attraverso idee e suggestioni visive in grado di colpire il visitatore e valorizzare al massimo gli elementi esposti.&#8221; font_container=&#8221;tag:p|font_size:20px|text_align:left|color:%23212529|line_height:1.4&#8243; use_theme_fonts=&#8221;yes&#8221; animation_delay=&#8221;400&#8243; el_class=&#8221;m-b-md custom-font-lora&#8221; animation_type=&#8221;fadeInUp&#8221;][\/vc_column_inner][\/vc_row_inner][vc_row_inner][vc_column_inner width=&#8221;1\/3&#8243;][vc_custom_heading text=&#8221;Ulteriore espressione creativa \u00e8 l\u2019<b>ECO DESIGN<\/b>:creazioni interamente prodotte con avanzi di produzione di carta, cartone, PMMA ed altri ancora, che grazie all\u2019estro e all\u2019esperienza nelle tecniche di lavorazione di <b>Luca Li Puma<\/b>, diventano materia prima per costruire oggetti d\u2019uso quotidiano e d\u2019arredo, resistenti ed unici.&#8221; font_container=&#8221;tag:p|font_size:20px|text_align:left|color:%23212529|line_height:1.4&#8243; use_theme_fonts=&#8221;yes&#8221; animation_delay=&#8221;400&#8243; el_class=&#8221;m-b-md custom-font-lora&#8221; animation_type=&#8221;fadeInUp&#8221; css_params=&#8221;&#8221;][\/vc_column_inner][vc_column_inner width=&#8221;2\/3&#8243;][vc_raw_html css=&#8221;&#8221;]JTVCbW9kdWxhJTIwaWQlM0QlMjI3ODIlMjIlNUQ=[\/vc_raw_html][\/vc_column_inner][\/vc_row_inner][\/vc_column][\/vc_row][vc_row wrap_container=&#8221;yes&#8221; content_placement=&#8221;middle&#8221; css=&#8221;.vc_custom_1713377191074{padding-top: 6.1153846154rem !important;padding-bottom: 6.1153846154rem !important;background-color: #ededed !important;}&#8221; conditional_render=&#8221;%5B%7B%22value_role%22%3A%22administrator%22%7D%5D&#8221; el_id=&#8221;contatti&#8221;][vc_column el_class=&#8221;pe-lg-5 mb-5 mb-lg-0&#8243; offset=&#8221;vc_col-md-6&#8243;][vc_custom_heading text=&#8221;CONTATTI&#8221; font_container=&#8221;tag:h2|font_size:38.5px|text_align:left|color:%23212529|line_height:1&#8243; use_theme_fonts=&#8221;yes&#8221; font_weight=&#8221;700&#8243; show_border=&#8221;yes&#8221; border_size=&#8221;sm&#8221; animation_delay=&#8221;200&#8243; el_class=&#8221;mb-3&#8243; animation_type=&#8221;fadeInUp&#8221; border_color=&#8221;#9e9e9e&#8221; border_spacing=&#8221;{&#8220;xl&#8220;:&#8220;20&#8220;,&#8220;unit&#8220;:&#8220;&#8220;,&#8220;xs&#8220;:&#8220;&#8220;,&#8220;sm&#8220;:&#8220;&#8220;,&#8220;md&#8220;:&#8220;&#8220;,&#8220;lg&#8220;:&#8220;&#8220;}&#8221;][vc_custom_heading text=&#8221;Informazioni, preventivi e consulenze<br \/>\nContattaci, senza impegno.&#8221; font_container=&#8221;tag:p|font_size:18.1px|text_align:left|color:%23212529|line_height:1.2&#8243; use_theme_fonts=&#8221;yes&#8221; animation_delay=&#8221;400&#8243; el_class=&#8221;m-b-md custom-font-lora&#8221; animation_type=&#8221;fadeInUp&#8221;][vc_custom_heading text=&#8221;<b>Luca Li Puma<\/b><br \/>\nVia Collegno 45bis<br \/>\n10044  Pianezza (TO)<br \/>\nItalia&#8221; font_container=&#8221;tag:p|font_size:18.1px|text_align:left|color:%23212529|line_height:1.2&#8243; use_theme_fonts=&#8221;yes&#8221; animation_delay=&#8221;400&#8243; el_class=&#8221;m-b-md custom-font-lora&#8221; animation_type=&#8221;fadeInUp&#8221;][vc_custom_heading text=&#8221;Tel +39 011 19 27 28 67&#8243; font_container=&#8221;tag:p|font_size:18.1px|text_align:left|color:%23212529|line_height:1.2&#8243; use_theme_fonts=&#8221;yes&#8221; animation_delay=&#8221;400&#8243; el_class=&#8221;m-b-md custom-font-lora&#8221; animation_type=&#8221;fadeInUp&#8221;][vc_custom_heading text=&#8221;luca@lucalipuma.it&#8221; font_container=&#8221;tag:p|font_size:18.1px|text_align:left|color:%23212529|line_height:1.2&#8243; use_theme_fonts=&#8221;yes&#8221; animation_delay=&#8221;400&#8243; el_class=&#8221;m-b-md custom-font-lora&#8221; animation_type=&#8221;fadeInUp&#8221; link=&#8221;url:mailto%3Aluca%40lucalipuma.it&#8221;][\/vc_column][vc_column el_class=&#8221;text-center position-relative&#8221; offset=&#8221;vc_col-md-6&#8243;][vc_raw_html css=&#8221;&#8221;]JTNDaWZyYW1lJTIwc3JjJTNEJTIyaHR0cHMlM0ElMkYlMkZ3d3cuZ29vZ2xlLmNvbSUyRm1hcHMlMkZlbWJlZCUzRnBiJTNEJTIxMW0xOCUyMTFtMTIlMjExbTMlMjExZDI4MTYuNjc3MzYyMTY3MDUzJTIxMmQ3LjU2MjQ3NDQ3NjQyNjYyMjUlMjEzZDQ1LjA5MjMzNTM1ODE3MzA3JTIxMm0zJTIxMWYwJTIxMmYwJTIxM2YwJTIxM20yJTIxMWkxMDI0JTIxMmk3NjglMjE0ZjEzLjElMjEzbTMlMjExbTIlMjExczB4NDc4ODZhNTNlNmE3ZGY2NyUyNTNBMHgyMWIzZDE0ZTkzNmIzZjRlJTIxMnNWaWElMjUyMENvbGxlZ25vJTI1MkMlMjUyMDQ1QklTJTI1MkMlMjUyMDEwMDQ0JTI1MjBQaWFuZXp6YSUyNTIwVE8lMjE1ZTAlMjEzbTIlMjExc2l0JTIxMnNpdCUyMTR2MTcxMzM4OTQ4MzYyMyUyMTVtMiUyMTFzaXQlMjEyc2l0JTIyJTIwd2lkdGglM0QlMjIxMDAlMjUlMjIlMjBoZWlnaHQlM0QlMjIzNTAlMjIlMjBzdHlsZSUzRCUyMmJvcmRlciUzQTAlM0IlMjIlMjBhbGxvd2Z1bGxzY3JlZW4lM0QlMjIlMjIlMjBsb2FkaW5nJTNEJTIybGF6eSUyMiUyMHJlZmVycmVycG9saWN5JTNEJTIybm8tcmVmZXJyZXItd2hlbi1kb3duZ3JhZGUlMjIlM0UlM0MlMkZpZnJhbWUlM0U=[\/vc_raw_html][\/vc_column][\/vc_row]<\/p>\n<\/div>","protected":false},"excerpt":{"rendered":"<p>[vc_row wrap_container=&#8221;yes&#8221; content_placement=&#8221;middle&#8221; el_id=&#8221;chisiamo&#8221; css=&#8221;.vc_custom_1713348777012{padding-top: 6.1153846154rem !important;padding-bottom: 6.1153846154rem !important;background-color: #ffffff !important;}&#8221; conditional_render=&#8221;%5B%7B%22value_role%22%3A%22administrator%22%7D%5D&#8221;][vc_column el_class=&#8221;pe-lg-5 mb-5 mb-lg-0&#8243; offset=&#8221;vc_col-md-6&#8243;][vc_custom_heading text=&#8221;CHI SIAMO&#8221; font_container=&#8221;tag:h2|font_size:38.5px|text_align:left|color:%23212529|line_height:1&#8243; use_theme_fonts=&#8221;yes&#8221; font_weight=&#8221;700&#8243; show_border=&#8221;yes&#8221; border_size=&#8221;sm&#8221; animation_delay=&#8221;200&#8243; el_class=&#8221;mb-3&#8243; animation_type=&#8221;fadeInUp&#8221; border_color=&#8221;#9e9e9e&#8221; border_spacing=&#8221;{&#8220;xl&#8220;:&#8220;20&#8220;,&#8220;unit&#8220;:&#8220;&#8220;,&#8220;xs&#8220;:&#8220;&#8220;,&#8220;sm&#8220;:&#8220;&#8220;,&#8220;md&#8220;:&#8220;&#8220;,&#8220;lg&#8220;:&#8220;&#8220;}&#8221;][vc_custom_heading text=&#8221;Luca Li Puma progetta virtuosismi di comunicazione che dalle raffinatezze tecniche e dal rifiuto di rigori formali esprime forme difficilmente reinterpretabili, per cui ogni sua creazione assume [&hellip;]<\/p>\n","protected":false},"author":1,"featured_media":0,"parent":0,"menu_order":0,"comment_status":"closed","ping_status":"closed","template":"","meta":{"footnotes":""},"class_list":["post-6","page","type-page","status-publish","hentry"],"_links":{"self":[{"href":"https:\/\/lipumadesign.com\/index.php\/wp-json\/wp\/v2\/pages\/6","targetHints":{"allow":["GET"]}}],"collection":[{"href":"https:\/\/lipumadesign.com\/index.php\/wp-json\/wp\/v2\/pages"}],"about":[{"href":"https:\/\/lipumadesign.com\/index.php\/wp-json\/wp\/v2\/types\/page"}],"author":[{"embeddable":true,"href":"https:\/\/lipumadesign.com\/index.php\/wp-json\/wp\/v2\/users\/1"}],"replies":[{"embeddable":true,"href":"https:\/\/lipumadesign.com\/index.php\/wp-json\/wp\/v2\/comments?post=6"}],"version-history":[{"count":101,"href":"https:\/\/lipumadesign.com\/index.php\/wp-json\/wp\/v2\/pages\/6\/revisions"}],"predecessor-version":[{"id":872,"href":"https:\/\/lipumadesign.com\/index.php\/wp-json\/wp\/v2\/pages\/6\/revisions\/872"}],"wp:attachment":[{"href":"https:\/\/lipumadesign.com\/index.php\/wp-json\/wp\/v2\/media?parent=6"}],"curies":[{"name":"wp","href":"https:\/\/api.w.org\/{rel}","templated":true}]}}